{"id":95,"date":"2020-05-31T21:57:10","date_gmt":"2020-05-31T19:57:10","guid":{"rendered":"http:\/\/papier-crayon.com\/?page_id=95"},"modified":"2020-06-04T19:26:59","modified_gmt":"2020-06-04T17:26:59","slug":"accueil","status":"publish","type":"page","link":"https:\/\/papier-crayon.com\/","title":{"rendered":"Accueil"},"content":{"rendered":"\n<p style=\"background-color:#ffc9bd\" class=\"has-text-color has-background has-medium-font-size has-very-dark-gray-color\">Vous, votre enfant ou vos \u00e9l\u00e8ves, avez des difficult\u00e9s en \u00e9criture&nbsp;?&nbsp;<\/p>\n\n\n\n<div class=\"wp-block-media-text alignfull is-stacked-on-mobile\" style=\"grid-template-columns:38% auto\"><figure class=\"wp-block-media-text__media\"><img loading=\"lazy\" width=\"967\" height=\"1024\" src=\"http:\/\/papier-crayon.com\/wp-content\/uploads\/2020\/05\/garcon-triste-1-967x1024.jpg\" alt=\"\" class=\"wp-image-113\" srcset=\"https:\/\/papier-crayon.com\/wp-content\/uploads\/2020\/05\/garcon-triste-1-967x1024.jpg 967w, https:\/\/papier-crayon.com\/wp-content\/uploads\/2020\/05\/garcon-triste-1-283x300.jpg 283w, https:\/\/papier-crayon.com\/wp-content\/uploads\/2020\/05\/garcon-triste-1-768x813.jpg 768w, https:\/\/papier-crayon.com\/wp-content\/uploads\/2020\/05\/garcon-triste-1-1450x1536.jpg 1450w, https:\/\/papier-crayon.com\/wp-content\/uploads\/2020\/05\/garcon-triste-1-1934x2048.jpg 1934w, https:\/\/papier-crayon.com\/wp-content\/uploads\/2020\/05\/garcon-triste-1-600x636.jpg 600w\" sizes=\"(max-width: 967px) 100vw, 967px\" \/><\/figure><div class=\"wp-block-media-text__content\">\n<p class=\"has-text-align-center has-large-font-size\"><span style=\"color:#fb876b\" class=\"has-inline-color\">Ne vous r\u00e9signez pas. <\/span><\/p>\n\n\n\n<p class=\"has-text-align-center has-large-font-size\"><span style=\"color:#fb876b\" class=\"has-inline-color\">Rien n\u2019est jamais fichu!<\/span><\/p>\n<\/div><\/div>\n\n\n\n<div style=\"height:62px\" aria-hidden=\"true\" class=\"wp-block-spacer\"><\/div>\n\n\n\n<p class=\"has-medium-font-size\">Ph\u00e9nom\u00e8ne de plus en plus fr\u00e9quent, les probl\u00e8mes d&rsquo; \u00e9criture n\u00e9cessitent une prise en charge experte. Contrairement \u00e0 son apparente simplicit\u00e9, le geste d&rsquo;\u00e9criture cache une \u00e9tonnante complexit\u00e9. Les composantes d&rsquo;une \u00e9criture lisible, fluide et efficace sont nombreuses. <\/p>\n\n\n\n<p class=\"has-medium-font-size\">Qu\u2019il s\u2019agisse de <strong>lisibilit\u00e9, de lenteur ou m\u00eame de douleur<\/strong>, <strong><a href=\"http:\/\/papier-crayon.com\/index.php\/reeducation\/\">la r\u00e9\u00e9ducation en \u00e9criture<\/a><\/strong> peut certainement vous soulager&nbsp;!<\/p>\n\n\n\n<div style=\"height:25px\" aria-hidden=\"true\" class=\"wp-block-spacer\"><\/div>\n\n\n\n<p style=\"background-color:#fecbbf\" class=\"has-background has-medium-font-size\">Enseignants ?<\/p>\n\n\n\n<div class=\"wp-block-media-text alignwide has-media-on-the-right is-stacked-on-mobile\" style=\"grid-template-columns:auto 40%\"><figure class=\"wp-block-media-text__media\"><img loading=\"lazy\" width=\"1024\" height=\"1024\" src=\"http:\/\/papier-crayon.com\/wp-content\/uploads\/2020\/06\/enfant-conqu\u00e9rant-1024x1024.jpg\" alt=\"\" class=\"wp-image-171\" srcset=\"https:\/\/papier-crayon.com\/wp-content\/uploads\/2020\/06\/enfant-conqu\u00e9rant-1024x1024.jpg 1024w, https:\/\/papier-crayon.com\/wp-content\/uploads\/2020\/06\/enfant-conqu\u00e9rant-300x300.jpg 300w, https:\/\/papier-crayon.com\/wp-content\/uploads\/2020\/06\/enfant-conqu\u00e9rant-150x150.jpg 150w, https:\/\/papier-crayon.com\/wp-content\/uploads\/2020\/06\/enfant-conqu\u00e9rant-768x768.jpg 768w, https:\/\/papier-crayon.com\/wp-content\/uploads\/2020\/06\/enfant-conqu\u00e9rant-1536x1536.jpg 1536w, https:\/\/papier-crayon.com\/wp-content\/uploads\/2020\/06\/enfant-conqu\u00e9rant-600x600.jpg 600w, https:\/\/papier-crayon.com\/wp-content\/uploads\/2020\/06\/enfant-conqu\u00e9rant-100x100.jpg 100w, https:\/\/papier-crayon.com\/wp-content\/uploads\/2020\/06\/enfant-conqu\u00e9rant.jpg 2000w\" sizes=\"(max-width: 1024px) 100vw, 1024px\" \/><\/figure><div class=\"wp-block-media-text__content\">\n<div class=\"wp-block-group\"><div class=\"wp-block-group__inner-container\">\n<div class=\"wp-block-group has-text-color\" style=\"color:#ffaea0\"><div class=\"wp-block-group__inner-container\">\n<p class=\"has-text-align-center has-large-font-size\"><span style=\"color:#fb876b\" class=\"has-inline-color\">Parce que <\/span><\/p>\n\n\n\n<p class=\"has-text-align-center has-large-font-size\"><span style=\"color:#fb876b\" class=\"has-inline-color\">vous avez \u00e0 coeur <\/span><\/p>\n\n\n\n<p class=\"has-text-align-center has-large-font-size\"><span style=\"color:#fb876b\" class=\"has-inline-color\">de leur donner<\/span> <\/p>\n\n\n\n<p class=\"has-text-align-center has-large-font-size\"><span style=\"color:#fb876b\" class=\"has-inline-color\">le meilleur!<\/span><\/p>\n<\/div><\/div>\n<\/div><\/div>\n<\/div><\/div>\n\n\n\n<div style=\"height:40px\" aria-hidden=\"true\" class=\"wp-block-spacer\"><\/div>\n\n\n\n<p class=\"has-medium-font-size\"> Professeur des \u00e9coles en maternelle ou en \u00e9l\u00e9mentaire, parent ayant fait le choix de l&rsquo;enseignement \u00e0 domicile, directeur d&rsquo;\u00e9tablissement scolaire&#8230;L&rsquo; \u00e9criture vous pose question? <strong><a href=\"http:\/\/papier-crayon.com\/index.php\/formation\/\">Une formation \u00e0 la p\u00e9dagogie de l&rsquo;\u00e9criture<\/a><\/strong> vous aidera sans nul doute \u00e0 appr\u00e9hender l&rsquo;\u00e9criture sous un nouveau jour. <\/p>\n","protected":false},"excerpt":{"rendered":"<p>Vous, votre enfant ou vos \u00e9l\u00e8ves, avez des difficult\u00e9s en \u00e9criture&nbsp;?&nbsp; Ne vous r\u00e9signez pas. Rien n\u2019est jamais fichu! Ph\u00e9nom\u00e8ne&hellip; <\/p>\n","protected":false},"author":1,"featured_media":0,"parent":0,"menu_order":0,"comment_status":"closed","ping_status":"closed","template":"page-templates\/gallery-template.php","meta":[],"_links":{"self":[{"href":"https:\/\/papier-crayon.com\/index.php\/wp-json\/wp\/v2\/pages\/95"}],"collection":[{"href":"https:\/\/papier-crayon.com\/index.php\/wp-json\/wp\/v2\/pages"}],"about":[{"href":"https:\/\/papier-crayon.com\/index.php\/wp-json\/wp\/v2\/types\/page"}],"author":[{"embeddable":true,"href":"https:\/\/papier-crayon.com\/index.php\/wp-json\/wp\/v2\/users\/1"}],"replies":[{"embeddable":true,"href":"https:\/\/papier-crayon.com\/index.php\/wp-json\/wp\/v2\/comments?post=95"}],"version-history":[{"count":24,"href":"https:\/\/papier-crayon.com\/index.php\/wp-json\/wp\/v2\/pages\/95\/revisions"}],"predecessor-version":[{"id":251,"href":"https:\/\/papier-crayon.com\/index.php\/wp-json\/wp\/v2\/pages\/95\/revisions\/251"}],"wp:attachment":[{"href":"https:\/\/papier-crayon.com\/index.php\/wp-json\/wp\/v2\/media?parent=95"}],"curies":[{"name":"wp","href":"https:\/\/api.w.org\/{rel}","templated":true}]}}